{"id":12,"date":"2022-10-07T16:04:50","date_gmt":"2022-10-07T14:04:50","guid":{"rendered":"https:\/\/www.cds-wohnbau.de\/?page_id=12"},"modified":"2023-01-19T09:40:18","modified_gmt":"2023-01-19T08:40:18","slug":"impressum","status":"publish","type":"page","link":"https:\/\/www.cds-wohnbau.de\/en\/impressum\/","title":{"rendered":"Legal notice"},"content":{"rendered":"<div data-elementor-type=\"wp-page\" data-elementor-id=\"12\" class=\"elementor elementor-12\" data-elementor-post-type=\"page\">\n\t\t\t\t\t\t<section class=\"elementor-section elementor-top-section elementor-element elementor-element-ef1aa58 elementor-section-boxed elementor-section-height-default elementor-section-height-default\" data-id=\"ef1aa58\" data-element_type=\"section\" data-e-type=\"section\" data-settings=\"{&quot;jet_parallax_layout_list&quot;:[]}\">\n\t\t\t\t\t\t<div class=\"elementor-container elementor-column-gap-default\">\n\t\t\t\t\t<div class=\"elementor-column elementor-col-100 elementor-top-column elementor-element elementor-element-cf4bacb\" data-id=\"cf4bacb\" data-element_type=\"column\" data-e-type=\"column\">\n\t\t\t<div class=\"elementor-widget-wrap elementor-element-populated\">\n\t\t\t\t\t\t<div class=\"elementor-element elementor-element-bf6dc26 elementor-widget elementor-widget-heading\" data-id=\"bf6dc26\" data-element_type=\"widget\" data-e-type=\"widget\" data-widget_type=\"heading.default\">\n\t\t\t\t<div class=\"elementor-widget-container\">\n\t\t\t\t\t<h2 class=\"elementor-heading-title elementor-size-default\">Legal notice<\/h2>\t\t\t\t<\/div>\n\t\t\t\t<\/div>\n\t\t\t\t<div class=\"elementor-element elementor-element-6bddb41 elementor-widget elementor-widget-text-editor\" data-id=\"6bddb41\" data-element_type=\"widget\" data-e-type=\"widget\" data-widget_type=\"text-editor.default\">\n\t\t\t\t<div class=\"elementor-widget-container\">\n\t\t\t\t\t\t\t\t\t<p><strong>Information in accordance with Article 5 of the German Telemedia Act (TMG):<\/strong><br \/>cds Wohnbau GmbH<br \/>Stresemannallee 30<br \/>60329 Frankfurt<\/p><p><strong>Represented by:<\/strong><br \/>the Managing Director Claus-Dieter Schmidt<\/p><p><strong>Contact:<\/strong><br \/>Tel.: +49 (0)69 97 477 0<br \/>Fax: +49 (0)69 97 477 29 <br \/>Email <a href=\"mailto:frankfurt@cds-wohnbau.de\" target=\"_blank\" rel=\"noopener\">frankfurt@cds-wohnbau.de<\/a><\/p><p><strong>Entry in the commercial register:<\/strong><br \/>Entry in the commercial register. <br \/>Court of registration: Frankfurt court of registration <br \/>Register number: HRB 55398<\/p><p><strong>VAT:<\/strong><br \/>VAT ID number pursuant to Art. 27 a of the German Value-Added Tax Act (UStG):<br \/>DE<\/p><p><strong>Competent supervisory authority for an activity which requires permission according to Art. 34c of the German Industrial Code (GewO):<\/strong><br \/>Gro\u00df-Gerau District Council<br \/>Wilhelm-Seipp-Str. 4<br \/>64521 Gro\u00df-Gerau<\/p><p><strong>Streitschlichtung<\/strong><br \/>The European Commission has provided a platform for the online resolution of disputes: <a href=\"https:\/\/ec.europa.eu\/consumers\/odr\" target=\"_blank\" rel=\"noopener\">https:\/\/ec.europa.eu\/consumers\/odr<\/a>.<br \/>Our e-mail address can be found above in the legal notice.<br \/>We are neither willing nor under obligation to take part in dispute resolution proceedings before a consumer arbitration panel.<\/p><p><strong>Liability for the content<br \/><\/strong>As a service provider we are responsible for our own content on this site in accordance with general law pursuant to Art 7(1) TMG. According to Arts. 8 to 10 TMG, we as a service provider are not however obliged to monitor transmitted or stored third-party information or to investigate circumstances which indicate unlawful activity.<br \/>The above is without prejudice to the obligations to remove or block the use of information in accordance with general law. Liability in this regard is possible only from the point at which a specific breach of the law comes to our attention. As soon as we become aware of breaches of the law of this kind, we will delete these contents immediately.<\/p><p><strong>Liability for links<\/strong><br \/>Our site features links to external third-party websites on whose content we have no influence. We cannot therefore accept liability for this third-party content. The provider or operator in question is in all cases responsible for the content of such linked sites. The linked sites were scrutinised for possible legal breaches at the time the links were placed. At that time, there was no evidence of any unlawful content.<br \/>It is not however reasonable to expect us to permanently monitor the content of the linked sites without specific grounds to suspect that a breach of the law has occurred. As soon as we become aware of breaches of the law of this kind, we will delete such links immediately.<\/p><p><strong>Copyright<\/strong><br \/>The content and works created by the operator on this site are subject to German copyright law. The reproduction, editing or dissemination of the content and its exploitation of any kind beyond the confines of copyright law require the written consent of the author or creator in question. Downloads and copies of this site are permitted only for private, non-commercial use.<br \/>In cases where content on this site was not created by the operator, the copyrights of third parties have been respected. Third-party content in particular is marked as such. If you should nonetheless become aware of a breach of copyright, we would kindly ask you to let us know. As soon as we become aware of breaches of the law of this kind, we will delete such content immediately.<\/p><p><strong>Internet agent<\/strong><br \/>B2K Media Gmbh &#8211; <a href=\"https:\/\/www.b2k-media.de\">Webdesign Berlin<\/a><br \/>www.b2k-media.de<\/p>\t\t\t\t\t\t\t\t<\/div>\n\t\t\t\t<\/div>\n\t\t\t\t\t<\/div>\n\t\t<\/div>\n\t\t\t\t\t<\/div>\n\t\t<\/section>\n\t\t\t\t<\/div>","protected":false},"excerpt":{"rendered":"<p>Impressum Angaben gem\u00e4\u00df \u00a7 5 TMG:cds Wohnbau GmbHKaiserstra\u00dfe 3560329 Frankfurt Vertreten durch:den Gesch\u00e4ftsf\u00fchrer Claus-Dieter Schmidt Kontakt:Telefon: (069) 68 97 477 &#8211; 0Telefax: (069) 68 97 477 -29 E-Mail: frankfurt@cds-wohnbau.de Registereintrag:Eintragung im Handelsregister. Registergericht:Registergericht Frankfurt Registernummer: HRB 55398 Umsatzsteuer:Umsatzsteuer-Identifikationsnummer gem\u00e4\u00df \u00a727 a Umsatzsteuergesetz:DE Zust\u00e4ndige Aufsichtsbeh\u00f6rde f\u00fcr eine erlaubnispflichtige T\u00e4tigkeit nach \u00a7 34c GewO:Landrat des Kreises Gro\u00df-GerauWilhelm-Seipp-Str. [&hellip;]<\/p>\n","protected":false},"author":1,"featured_media":0,"parent":0,"menu_order":0,"comment_status":"closed","ping_status":"closed","template":"elementor_header_footer","meta":{"footnotes":""},"class_list":["post-12","page","type-page","status-publish","hentry"],"yoast_head":"<!-- This site is optimized with the Yoast SEO plugin v27.5 - https:\/\/yoast.com\/product\/yoast-seo-wordpress\/ -->\n<title>Impressum - cds Wohnbau Gruppe | Berlin Frankfurt Hamburg<\/title>\n<meta name=\"robots\" content=\"index, follow, max-snippet:-1, max-image-preview:large, max-video-preview:-1\" \/>\n<link rel=\"canonical\" href=\"https:\/\/www.cds-wohnbau.de\/en\/impressum\/\" \/>\n<meta property=\"og:locale\" content=\"en_US\" \/>\n<meta property=\"og:type\" content=\"article\" \/>\n<meta property=\"og:title\" content=\"Impressum - cds Wohnbau Gruppe | Berlin Frankfurt Hamburg\" \/>\n<meta property=\"og:description\" content=\"Impressum Angaben gem\u00e4\u00df \u00a7 5 TMG:cds Wohnbau GmbHKaiserstra\u00dfe 3560329 Frankfurt Vertreten durch:den Gesch\u00e4ftsf\u00fchrer Claus-Dieter Schmidt Kontakt:Telefon: (069) 68 97 477 &#8211; 0Telefax: (069) 68 97 477 -29 E-Mail: frankfurt@cds-wohnbau.de Registereintrag:Eintragung im Handelsregister. Registergericht:Registergericht Frankfurt Registernummer: HRB 55398 Umsatzsteuer:Umsatzsteuer-Identifikationsnummer gem\u00e4\u00df \u00a727 a Umsatzsteuergesetz:DE Zust\u00e4ndige Aufsichtsbeh\u00f6rde f\u00fcr eine erlaubnispflichtige T\u00e4tigkeit nach \u00a7 34c GewO:Landrat des Kreises Gro\u00df-GerauWilhelm-Seipp-Str. [&hellip;]\" \/>\n<meta property=\"og:url\" content=\"https:\/\/www.cds-wohnbau.de\/en\/impressum\/\" \/>\n<meta property=\"og:site_name\" content=\"cds Wohnbau Gruppe\" \/>\n<meta property=\"article:modified_time\" content=\"2023-01-19T08:40:18+00:00\" \/>\n<meta name=\"twitter:card\" content=\"summary_large_image\" \/>\n<meta name=\"twitter:label1\" content=\"Est. reading time\" \/>\n\t<meta name=\"twitter:data1\" content=\"2 minutes\" \/>\n<script type=\"application\/ld+json\" class=\"yoast-schema-graph\">{\"@context\":\"https:\\\/\\\/schema.org\",\"@graph\":[{\"@type\":\"WebPage\",\"@id\":\"https:\\\/\\\/www.cds-wohnbau.de\\\/impressum\\\/\",\"url\":\"https:\\\/\\\/www.cds-wohnbau.de\\\/impressum\\\/\",\"name\":\"Impressum - cds Wohnbau Gruppe | Berlin Frankfurt Hamburg\",\"isPartOf\":{\"@id\":\"https:\\\/\\\/www.cds-wohnbau.de\\\/#website\"},\"datePublished\":\"2022-10-07T14:04:50+00:00\",\"dateModified\":\"2023-01-19T08:40:18+00:00\",\"breadcrumb\":{\"@id\":\"https:\\\/\\\/www.cds-wohnbau.de\\\/impressum\\\/#breadcrumb\"},\"inLanguage\":\"en-US\",\"potentialAction\":[{\"@type\":\"ReadAction\",\"target\":[\"https:\\\/\\\/www.cds-wohnbau.de\\\/impressum\\\/\"]}]},{\"@type\":\"BreadcrumbList\",\"@id\":\"https:\\\/\\\/www.cds-wohnbau.de\\\/impressum\\\/#breadcrumb\",\"itemListElement\":[{\"@type\":\"ListItem\",\"position\":1,\"name\":\"Home\",\"item\":\"https:\\\/\\\/www.cds-wohnbau.de\\\/\"},{\"@type\":\"ListItem\",\"position\":2,\"name\":\"Impressum\"}]},{\"@type\":\"WebSite\",\"@id\":\"https:\\\/\\\/www.cds-wohnbau.de\\\/#website\",\"url\":\"https:\\\/\\\/www.cds-wohnbau.de\\\/\",\"name\":\"cds Wohnbau Gruppe\",\"description\":\"Berlin Frankfurt Hamburg\",\"publisher\":{\"@id\":\"https:\\\/\\\/www.cds-wohnbau.de\\\/#organization\"},\"potentialAction\":[{\"@type\":\"SearchAction\",\"target\":{\"@type\":\"EntryPoint\",\"urlTemplate\":\"https:\\\/\\\/www.cds-wohnbau.de\\\/?s={search_term_string}\"},\"query-input\":{\"@type\":\"PropertyValueSpecification\",\"valueRequired\":true,\"valueName\":\"search_term_string\"}}],\"inLanguage\":\"en-US\"},{\"@type\":\"Organization\",\"@id\":\"https:\\\/\\\/www.cds-wohnbau.de\\\/#organization\",\"name\":\"cds Wohnbau Gruppe\",\"url\":\"https:\\\/\\\/www.cds-wohnbau.de\\\/\",\"logo\":{\"@type\":\"ImageObject\",\"inLanguage\":\"en-US\",\"@id\":\"https:\\\/\\\/www.cds-wohnbau.de\\\/#\\\/schema\\\/logo\\\/image\\\/\",\"url\":\"https:\\\/\\\/www.cds-wohnbau.de\\\/wp-content\\\/uploads\\\/2022\\\/10\\\/logo.png\",\"contentUrl\":\"https:\\\/\\\/www.cds-wohnbau.de\\\/wp-content\\\/uploads\\\/2022\\\/10\\\/logo.png\",\"width\":246,\"height\":78,\"caption\":\"cds Wohnbau Gruppe\"},\"image\":{\"@id\":\"https:\\\/\\\/www.cds-wohnbau.de\\\/#\\\/schema\\\/logo\\\/image\\\/\"}}]}<\/script>\n<!-- \/ Yoast SEO plugin. -->","yoast_head_json":{"title":"Impressum - cds Wohnbau Gruppe | Berlin Frankfurt Hamburg","robots":{"index":"index","follow":"follow","max-snippet":"max-snippet:-1","max-image-preview":"max-image-preview:large","max-video-preview":"max-video-preview:-1"},"canonical":"https:\/\/www.cds-wohnbau.de\/en\/impressum\/","og_locale":"en_US","og_type":"article","og_title":"Impressum - cds Wohnbau Gruppe | Berlin Frankfurt Hamburg","og_description":"Impressum Angaben gem\u00e4\u00df \u00a7 5 TMG:cds Wohnbau GmbHKaiserstra\u00dfe 3560329 Frankfurt Vertreten durch:den Gesch\u00e4ftsf\u00fchrer Claus-Dieter Schmidt Kontakt:Telefon: (069) 68 97 477 &#8211; 0Telefax: (069) 68 97 477 -29 E-Mail: frankfurt@cds-wohnbau.de Registereintrag:Eintragung im Handelsregister. Registergericht:Registergericht Frankfurt Registernummer: HRB 55398 Umsatzsteuer:Umsatzsteuer-Identifikationsnummer gem\u00e4\u00df \u00a727 a Umsatzsteuergesetz:DE Zust\u00e4ndige Aufsichtsbeh\u00f6rde f\u00fcr eine erlaubnispflichtige T\u00e4tigkeit nach \u00a7 34c GewO:Landrat des Kreises Gro\u00df-GerauWilhelm-Seipp-Str. [&hellip;]","og_url":"https:\/\/www.cds-wohnbau.de\/en\/impressum\/","og_site_name":"cds Wohnbau Gruppe","article_modified_time":"2023-01-19T08:40:18+00:00","twitter_card":"summary_large_image","twitter_misc":{"Est. reading time":"2 minutes"},"schema":{"@context":"https:\/\/schema.org","@graph":[{"@type":"WebPage","@id":"https:\/\/www.cds-wohnbau.de\/impressum\/","url":"https:\/\/www.cds-wohnbau.de\/impressum\/","name":"Impressum - cds Wohnbau Gruppe | Berlin Frankfurt Hamburg","isPartOf":{"@id":"https:\/\/www.cds-wohnbau.de\/#website"},"datePublished":"2022-10-07T14:04:50+00:00","dateModified":"2023-01-19T08:40:18+00:00","breadcrumb":{"@id":"https:\/\/www.cds-wohnbau.de\/impressum\/#breadcrumb"},"inLanguage":"en-US","potentialAction":[{"@type":"ReadAction","target":["https:\/\/www.cds-wohnbau.de\/impressum\/"]}]},{"@type":"BreadcrumbList","@id":"https:\/\/www.cds-wohnbau.de\/impressum\/#breadcrumb","itemListElement":[{"@type":"ListItem","position":1,"name":"Home","item":"https:\/\/www.cds-wohnbau.de\/"},{"@type":"ListItem","position":2,"name":"Impressum"}]},{"@type":"WebSite","@id":"https:\/\/www.cds-wohnbau.de\/#website","url":"https:\/\/www.cds-wohnbau.de\/","name":"cds Wohnbau Group","description":"Berlin Frankfurt Hamburg","publisher":{"@id":"https:\/\/www.cds-wohnbau.de\/#organization"},"potentialAction":[{"@type":"SearchAction","target":{"@type":"EntryPoint","urlTemplate":"https:\/\/www.cds-wohnbau.de\/?s={search_term_string}"},"query-input":{"@type":"PropertyValueSpecification","valueRequired":true,"valueName":"search_term_string"}}],"inLanguage":"en-US"},{"@type":"Organization","@id":"https:\/\/www.cds-wohnbau.de\/#organization","name":"cds Wohnbau Group","url":"https:\/\/www.cds-wohnbau.de\/","logo":{"@type":"ImageObject","inLanguage":"en-US","@id":"https:\/\/www.cds-wohnbau.de\/#\/schema\/logo\/image\/","url":"https:\/\/www.cds-wohnbau.de\/wp-content\/uploads\/2022\/10\/logo.png","contentUrl":"https:\/\/www.cds-wohnbau.de\/wp-content\/uploads\/2022\/10\/logo.png","width":246,"height":78,"caption":"cds Wohnbau Gruppe"},"image":{"@id":"https:\/\/www.cds-wohnbau.de\/#\/schema\/logo\/image\/"}}]}},"_links":{"self":[{"href":"https:\/\/www.cds-wohnbau.de\/en\/wp-json\/wp\/v2\/pages\/12","targetHints":{"allow":["GET"]}}],"collection":[{"href":"https:\/\/www.cds-wohnbau.de\/en\/wp-json\/wp\/v2\/pages"}],"about":[{"href":"https:\/\/www.cds-wohnbau.de\/en\/wp-json\/wp\/v2\/types\/page"}],"author":[{"embeddable":true,"href":"https:\/\/www.cds-wohnbau.de\/en\/wp-json\/wp\/v2\/users\/1"}],"replies":[{"embeddable":true,"href":"https:\/\/www.cds-wohnbau.de\/en\/wp-json\/wp\/v2\/comments?post=12"}],"version-history":[{"count":4,"href":"https:\/\/www.cds-wohnbau.de\/en\/wp-json\/wp\/v2\/pages\/12\/revisions"}],"predecessor-version":[{"id":1628,"href":"https:\/\/www.cds-wohnbau.de\/en\/wp-json\/wp\/v2\/pages\/12\/revisions\/1628"}],"wp:attachment":[{"href":"https:\/\/www.cds-wohnbau.de\/en\/wp-json\/wp\/v2\/media?parent=12"}],"curies":[{"name":"wp","href":"https:\/\/api.w.org\/{rel}","templated":true}]}}