{"id":174,"date":"2023-01-10T13:42:38","date_gmt":"2023-01-10T12:42:38","guid":{"rendered":"https:\/\/www.cds-wohnbau.de\/?page_id=174"},"modified":"2023-05-03T12:11:32","modified_gmt":"2023-05-03T10:11:32","slug":"privatkunden","status":"publish","type":"page","link":"https:\/\/www.cds-wohnbau.de\/en\/privatkunden\/","title":{"rendered":"Private clients"},"content":{"rendered":"<div data-elementor-type=\"wp-page\" data-elementor-id=\"174\" class=\"elementor elementor-174\" data-elementor-post-type=\"page\">\n\t\t\t\t\t\t<section data-dce-background-image-url=\"https:\/\/www.cds-wohnbau.de\/wp-content\/uploads\/2023\/01\/Startbild_maedchen_Feldblume-a02ffed6.jpg\" class=\"elementor-section elementor-top-section elementor-element elementor-element-b3f23dd elementor-section-height-min-height elementor-section-boxed elementor-section-height-default elementor-section-items-middle\" data-id=\"b3f23dd\" data-element_type=\"section\" data-e-type=\"section\" data-settings=\"{&quot;background_background&quot;:&quot;classic&quot;,&quot;jet_parallax_layout_list&quot;:[]}\">\n\t\t\t\t\t\t<div class=\"elementor-container elementor-column-gap-default\">\n\t\t\t\t\t<div class=\"elementor-column elementor-col-100 elementor-top-column elementor-element elementor-element-7742ac1\" data-id=\"7742ac1\" data-element_type=\"column\" data-e-type=\"column\">\n\t\t\t<div class=\"elementor-widget-wrap\">\n\t\t\t\t\t\t\t<\/div>\n\t\t<\/div>\n\t\t\t\t\t<\/div>\n\t\t<\/section>\n\t\t\t\t<section class=\"elementor-section elementor-top-section elementor-element elementor-element-7a7276e elementor-section-boxed elementor-section-height-default elementor-section-height-default\" data-id=\"7a7276e\" data-element_type=\"section\" data-e-type=\"section\" data-settings=\"{&quot;jet_parallax_layout_list&quot;:[]}\">\n\t\t\t\t\t\t<div class=\"elementor-container elementor-column-gap-default\">\n\t\t\t\t\t<div class=\"elementor-column elementor-col-100 elementor-top-column elementor-element elementor-element-0e30080\" data-id=\"0e30080\" data-element_type=\"column\" data-e-type=\"column\">\n\t\t\t<div class=\"elementor-widget-wrap elementor-element-populated\">\n\t\t\t\t\t\t<section class=\"elementor-section elementor-inner-section elementor-element elementor-element-9034705 elementor-section-boxed elementor-section-height-default elementor-section-height-default\" data-id=\"9034705\" data-element_type=\"section\" data-e-type=\"section\" data-settings=\"{&quot;jet_parallax_layout_list&quot;:[]}\">\n\t\t\t\t\t\t<div class=\"elementor-container elementor-column-gap-default\">\n\t\t\t\t\t<div class=\"elementor-column elementor-col-100 elementor-inner-column elementor-element elementor-element-0625acc\" data-id=\"0625acc\" data-element_type=\"column\" data-e-type=\"column\">\n\t\t\t<div class=\"elementor-widget-wrap elementor-element-populated\">\n\t\t\t\t\t\t<div class=\"elementor-element elementor-element-73e0f12 elementor-widget elementor-widget-heading\" data-id=\"73e0f12\" data-element_type=\"widget\" data-e-type=\"widget\" data-widget_type=\"heading.default\">\n\t\t\t\t<div class=\"elementor-widget-container\">\n\t\t\t\t\t<h1 class=\"elementor-heading-title elementor-size-default\">From your vision to your new home\n<\/h1>\t\t\t\t<\/div>\n\t\t\t\t<\/div>\n\t\t\t\t<div class=\"elementor-element elementor-element-0c73961 elementor-widget elementor-widget-text-editor\" data-id=\"0c73961\" data-element_type=\"widget\" data-e-type=\"widget\" data-widget_type=\"text-editor.default\">\n\t\t\t\t<div class=\"elementor-widget-container\">\n\t\t\t\t\t\t\t\t\t<p>A roof over one's head is one of the most basic human needs. Nowhere else do people spend more time. So it's no wonder that buying property, creating added value and living in your own four walls are all top priorities for many people. At the same time, this presents major challenge. The purchase of an apartment or a house is often the most significant financial investment a person will ever make. Trust and confidence are vital.<\/p>\t\t\t\t\t\t\t\t<\/div>\n\t\t\t\t<\/div>\n\t\t\t\t\t<\/div>\n\t\t<\/div>\n\t\t\t\t\t<\/div>\n\t\t<\/section>\n\t\t\t\t<section class=\"elementor-section elementor-inner-section elementor-element elementor-element-bbe5e27 elementor-section-boxed elementor-section-height-default elementor-section-height-default\" data-id=\"bbe5e27\" data-element_type=\"section\" data-e-type=\"section\" data-settings=\"{&quot;jet_parallax_layout_list&quot;:[]}\">\n\t\t\t\t\t\t<div class=\"elementor-container elementor-column-gap-default\">\n\t\t\t\t\t<div class=\"elementor-column elementor-col-33 elementor-inner-column elementor-element elementor-element-10449f2\" data-id=\"10449f2\" data-element_type=\"column\" data-e-type=\"column\">\n\t\t\t<div class=\"elementor-widget-wrap elementor-element-populated\">\n\t\t\t\t\t\t<div class=\"elementor-element elementor-element-7e3e1e2 elementor-widget elementor-widget-image\" data-id=\"7e3e1e2\" data-element_type=\"widget\" data-e-type=\"widget\" data-widget_type=\"image.default\">\n\t\t\t\t<div class=\"elementor-widget-container\">\n\t\t\t\t\t\t\t\t\t\t\t\t\t\t\t<img fetchpriority=\"high\" decoding=\"async\" width=\"300\" height=\"300\" src=\"https:\/\/www.cds-wohnbau.de\/wp-content\/uploads\/2023\/01\/erstes_beratungsgespraech.jpg\" class=\"attachment-full size-full wp-image-177\" alt=\"\" srcset=\"https:\/\/www.cds-wohnbau.de\/wp-content\/uploads\/2023\/01\/erstes_beratungsgespraech.jpg 300w, https:\/\/www.cds-wohnbau.de\/wp-content\/uploads\/2023\/01\/erstes_beratungsgespraech-150x150.jpg 150w\" sizes=\"(max-width: 300px) 100vw, 300px\" \/>\t\t\t\t\t\t\t\t\t\t\t\t\t\t\t<\/div>\n\t\t\t\t<\/div>\n\t\t\t\t<div class=\"elementor-element elementor-element-928c2c8 elementor-widget elementor-widget-text-editor\" data-id=\"928c2c8\" data-element_type=\"widget\" data-e-type=\"widget\" data-widget_type=\"text-editor.default\">\n\t\t\t\t<div class=\"elementor-widget-container\">\n\t\t\t\t\t\t\t\t\t<p><strong>This is why private clients rely on us, the cds Wohnbau Group, when it comes to purchasing residential property. We create space for vision.<\/strong><\/p><p>Our experts live and work in the same regions as our clients, in the metropolises of Berlin, Frankfurt and Hamburg. The cds teams combine local know-how with more than 30 years of regional experience in house building.<\/p>\t\t\t\t\t\t\t\t<\/div>\n\t\t\t\t<\/div>\n\t\t\t\t\t<\/div>\n\t\t<\/div>\n\t\t\t\t<div class=\"elementor-column elementor-col-33 elementor-inner-column elementor-element elementor-element-6ebb265\" data-id=\"6ebb265\" data-element_type=\"column\" data-e-type=\"column\">\n\t\t\t<div class=\"elementor-widget-wrap elementor-element-populated\">\n\t\t\t\t\t\t<div class=\"elementor-element elementor-element-00e7c16 elementor-widget elementor-widget-image\" data-id=\"00e7c16\" data-element_type=\"widget\" data-e-type=\"widget\" data-widget_type=\"image.default\">\n\t\t\t\t<div class=\"elementor-widget-container\">\n\t\t\t\t\t\t\t\t\t\t\t\t\t\t\t<img decoding=\"async\" width=\"300\" height=\"300\" src=\"https:\/\/www.cds-wohnbau.de\/wp-content\/uploads\/2023\/01\/baubeginn.jpg\" class=\"attachment-full size-full wp-image-178\" alt=\"\" srcset=\"https:\/\/www.cds-wohnbau.de\/wp-content\/uploads\/2023\/01\/baubeginn.jpg 300w, https:\/\/www.cds-wohnbau.de\/wp-content\/uploads\/2023\/01\/baubeginn-150x150.jpg 150w\" sizes=\"(max-width: 300px) 100vw, 300px\" \/>\t\t\t\t\t\t\t\t\t\t\t\t\t\t\t<\/div>\n\t\t\t\t<\/div>\n\t\t\t\t<div class=\"elementor-element elementor-element-df5f536 elementor-widget elementor-widget-text-editor\" data-id=\"df5f536\" data-element_type=\"widget\" data-e-type=\"widget\" data-widget_type=\"text-editor.default\">\n\t\t\t\t<div class=\"elementor-widget-container\">\n\t\t\t\t\t\t\t\t\t<p>We at cds favour a construction method that blends in harmoniously with the environment and is tailored to the situation but which also puts the clients' wishes into practice.<\/p><p>Our regional teams work exclusively with renowned architectural offices to create individual living concepts for private clients.<\/p>\t\t\t\t\t\t\t\t<\/div>\n\t\t\t\t<\/div>\n\t\t\t\t\t<\/div>\n\t\t<\/div>\n\t\t\t\t<div class=\"elementor-column elementor-col-33 elementor-inner-column elementor-element elementor-element-ed58cae\" data-id=\"ed58cae\" data-element_type=\"column\" data-e-type=\"column\">\n\t\t\t<div class=\"elementor-widget-wrap elementor-element-populated\">\n\t\t\t\t\t\t<div class=\"elementor-element elementor-element-c23ea45 elementor-widget elementor-widget-image\" data-id=\"c23ea45\" data-element_type=\"widget\" data-e-type=\"widget\" data-widget_type=\"image.default\">\n\t\t\t\t<div class=\"elementor-widget-container\">\n\t\t\t\t\t\t\t\t\t\t\t\t\t\t\t<img decoding=\"async\" width=\"300\" height=\"300\" src=\"https:\/\/www.cds-wohnbau.de\/wp-content\/uploads\/2023\/01\/bemusterung.jpg\" class=\"attachment-full size-full wp-image-179\" alt=\"\" srcset=\"https:\/\/www.cds-wohnbau.de\/wp-content\/uploads\/2023\/01\/bemusterung.jpg 300w, https:\/\/www.cds-wohnbau.de\/wp-content\/uploads\/2023\/01\/bemusterung-150x150.jpg 150w\" sizes=\"(max-width: 300px) 100vw, 300px\" \/>\t\t\t\t\t\t\t\t\t\t\t\t\t\t\t<\/div>\n\t\t\t\t<\/div>\n\t\t\t\t<div class=\"elementor-element elementor-element-9e2e2d6 elementor-widget elementor-widget-text-editor\" data-id=\"9e2e2d6\" data-element_type=\"widget\" data-e-type=\"widget\" data-widget_type=\"text-editor.default\">\n\t\t\t\t<div class=\"elementor-widget-container\">\n\t\t\t\t\t\t\t\t\t<p><strong>What set us apart is that we offer every client the opportunity to customise their living space and the fittings in it and to modify them according to their wishes and ideas.<\/strong><\/p>\t\t\t\t\t\t\t\t<\/div>\n\t\t\t\t<\/div>\n\t\t\t\t<div class=\"elementor-element elementor-element-0991dcd elementor-icon-list--layout-traditional elementor-list-item-link-full_width elementor-widget elementor-widget-icon-list\" data-id=\"0991dcd\" data-element_type=\"widget\" data-e-type=\"widget\" data-widget_type=\"icon-list.default\">\n\t\t\t\t<div class=\"elementor-widget-container\">\n\t\t\t\t\t\t\t<ul class=\"elementor-icon-list-items\">\n\t\t\t\t\t\t\t<li class=\"elementor-icon-list-item\">\n\t\t\t\t\t\t\t\t\t\t\t<a href=\"https:\/\/www.cds-wohnbau.de\/en\/projects\/\">\n\n\t\t\t\t\t\t\t\t\t\t\t\t<span class=\"elementor-icon-list-icon\">\n\t\t\t\t\t\t\t<i aria-hidden=\"true\" class=\"fas fa-map-marker-alt\"><\/i>\t\t\t\t\t\t<\/span>\n\t\t\t\t\t\t\t\t\t\t<span class=\"elementor-icon-list-text\">show all projects<\/span>\n\t\t\t\t\t\t\t\t\t\t\t<\/a>\n\t\t\t\t\t\t\t\t\t<\/li>\n\t\t\t\t\t\t<\/ul>\n\t\t\t\t\t\t<\/div>\n\t\t\t\t<\/div>\n\t\t\t\t\t<\/div>\n\t\t<\/div>\n\t\t\t\t\t<\/div>\n\t\t<\/section>\n\t\t\t\t\t<\/div>\n\t\t<\/div>\n\t\t\t\t\t<\/div>\n\t\t<\/section>\n\t\t\t\t<\/div>","protected":false},"excerpt":{"rendered":"<p>Von der Vision zum neuen Zuhause Wohnen z\u00e4hlt zu den elementaren Bed\u00fcrfnissen des Menschen. An keinem anderen Ort verbringt man mehr Zeit als Zuhause. Eine Immobilie kaufen, Werte schaffen, Wohnen in den eigenen vier W\u00e4nden \u2013 dieses Ziel besitzt f\u00fcr viele Menschen deshalb oberste Priorit\u00e4t. Zugleich stellt es sie vor gro\u00dfe Herausforderungen; ist der Erwerb [&hellip;]<\/p>\n","protected":false},"author":2,"featured_media":0,"parent":0,"menu_order":0,"comment_status":"closed","ping_status":"closed","template":"","meta":{"footnotes":""},"class_list":["post-174","page","type-page","status-publish","hentry"],"yoast_head":"<!-- This site is optimized with the Yoast SEO plugin v27.3 - https:\/\/yoast.com\/product\/yoast-seo-wordpress\/ -->\n<title>Privatkunden - cds Wohnbau Gruppe | Berlin Frankfurt Hamburg<\/title>\n<meta name=\"description\" content=\"cds Wohnbau Gruppe- Von der Vision zum neuen Zuhause\" \/>\n<meta name=\"robots\" content=\"index, follow, max-snippet:-1, max-image-preview:large, max-video-preview:-1\" \/>\n<link rel=\"canonical\" href=\"https:\/\/www.cds-wohnbau.de\/en\/privatkunden\/\" \/>\n<meta property=\"og:locale\" content=\"en_US\" \/>\n<meta property=\"og:type\" content=\"article\" \/>\n<meta property=\"og:title\" content=\"Privatkunden - cds Wohnbau Gruppe | Berlin Frankfurt Hamburg\" \/>\n<meta property=\"og:description\" content=\"cds Wohnbau Gruppe- Von der Vision zum neuen Zuhause\" \/>\n<meta property=\"og:url\" content=\"https:\/\/www.cds-wohnbau.de\/en\/privatkunden\/\" \/>\n<meta property=\"og:site_name\" content=\"cds Wohnbau Gruppe\" \/>\n<meta property=\"article:modified_time\" content=\"2023-05-03T10:11:32+00:00\" \/>\n<meta property=\"og:image\" content=\"https:\/\/www.cds-wohnbau.de\/wp-content\/uploads\/2023\/01\/erstes_beratungsgespraech.jpg\" \/>\n<meta name=\"twitter:card\" content=\"summary_large_image\" \/>\n<meta name=\"twitter:label1\" content=\"Est. reading time\" \/>\n\t<meta name=\"twitter:data1\" content=\"2 minutes\" \/>\n<script type=\"application\/ld+json\" class=\"yoast-schema-graph\">{\"@context\":\"https:\\\/\\\/schema.org\",\"@graph\":[{\"@type\":\"WebPage\",\"@id\":\"https:\\\/\\\/www.cds-wohnbau.de\\\/privatkunden\\\/\",\"url\":\"https:\\\/\\\/www.cds-wohnbau.de\\\/privatkunden\\\/\",\"name\":\"Privatkunden - cds Wohnbau Gruppe | Berlin Frankfurt Hamburg\",\"isPartOf\":{\"@id\":\"https:\\\/\\\/www.cds-wohnbau.de\\\/#website\"},\"primaryImageOfPage\":{\"@id\":\"https:\\\/\\\/www.cds-wohnbau.de\\\/privatkunden\\\/#primaryimage\"},\"image\":{\"@id\":\"https:\\\/\\\/www.cds-wohnbau.de\\\/privatkunden\\\/#primaryimage\"},\"thumbnailUrl\":\"https:\\\/\\\/www.cds-wohnbau.de\\\/wp-content\\\/uploads\\\/2023\\\/01\\\/erstes_beratungsgespraech.jpg\",\"datePublished\":\"2023-01-10T12:42:38+00:00\",\"dateModified\":\"2023-05-03T10:11:32+00:00\",\"description\":\"cds Wohnbau Gruppe- Von der Vision zum neuen Zuhause\",\"breadcrumb\":{\"@id\":\"https:\\\/\\\/www.cds-wohnbau.de\\\/privatkunden\\\/#breadcrumb\"},\"inLanguage\":\"en-US\",\"potentialAction\":[{\"@type\":\"ReadAction\",\"target\":[\"https:\\\/\\\/www.cds-wohnbau.de\\\/privatkunden\\\/\"]}]},{\"@type\":\"ImageObject\",\"inLanguage\":\"en-US\",\"@id\":\"https:\\\/\\\/www.cds-wohnbau.de\\\/privatkunden\\\/#primaryimage\",\"url\":\"https:\\\/\\\/www.cds-wohnbau.de\\\/wp-content\\\/uploads\\\/2023\\\/01\\\/erstes_beratungsgespraech.jpg\",\"contentUrl\":\"https:\\\/\\\/www.cds-wohnbau.de\\\/wp-content\\\/uploads\\\/2023\\\/01\\\/erstes_beratungsgespraech.jpg\"},{\"@type\":\"BreadcrumbList\",\"@id\":\"https:\\\/\\\/www.cds-wohnbau.de\\\/privatkunden\\\/#breadcrumb\",\"itemListElement\":[{\"@type\":\"ListItem\",\"position\":1,\"name\":\"Home\",\"item\":\"https:\\\/\\\/www.cds-wohnbau.de\\\/\"},{\"@type\":\"ListItem\",\"position\":2,\"name\":\"Privatkunden\"}]},{\"@type\":\"WebSite\",\"@id\":\"https:\\\/\\\/www.cds-wohnbau.de\\\/#website\",\"url\":\"https:\\\/\\\/www.cds-wohnbau.de\\\/\",\"name\":\"cds Wohnbau Gruppe\",\"description\":\"Berlin Frankfurt Hamburg\",\"publisher\":{\"@id\":\"https:\\\/\\\/www.cds-wohnbau.de\\\/#organization\"},\"potentialAction\":[{\"@type\":\"SearchAction\",\"target\":{\"@type\":\"EntryPoint\",\"urlTemplate\":\"https:\\\/\\\/www.cds-wohnbau.de\\\/?s={search_term_string}\"},\"query-input\":{\"@type\":\"PropertyValueSpecification\",\"valueRequired\":true,\"valueName\":\"search_term_string\"}}],\"inLanguage\":\"en-US\"},{\"@type\":\"Organization\",\"@id\":\"https:\\\/\\\/www.cds-wohnbau.de\\\/#organization\",\"name\":\"cds Wohnbau Gruppe\",\"url\":\"https:\\\/\\\/www.cds-wohnbau.de\\\/\",\"logo\":{\"@type\":\"ImageObject\",\"inLanguage\":\"en-US\",\"@id\":\"https:\\\/\\\/www.cds-wohnbau.de\\\/#\\\/schema\\\/logo\\\/image\\\/\",\"url\":\"https:\\\/\\\/www.cds-wohnbau.de\\\/wp-content\\\/uploads\\\/2022\\\/10\\\/logo.png\",\"contentUrl\":\"https:\\\/\\\/www.cds-wohnbau.de\\\/wp-content\\\/uploads\\\/2022\\\/10\\\/logo.png\",\"width\":246,\"height\":78,\"caption\":\"cds Wohnbau Gruppe\"},\"image\":{\"@id\":\"https:\\\/\\\/www.cds-wohnbau.de\\\/#\\\/schema\\\/logo\\\/image\\\/\"}}]}<\/script>\n<!-- \/ Yoast SEO plugin. -->","yoast_head_json":{"title":"Privatkunden - cds Wohnbau Gruppe | Berlin Frankfurt Hamburg","description":"cds Wohnbau Gruppe- Von der Vision zum neuen Zuhause","robots":{"index":"index","follow":"follow","max-snippet":"max-snippet:-1","max-image-preview":"max-image-preview:large","max-video-preview":"max-video-preview:-1"},"canonical":"https:\/\/www.cds-wohnbau.de\/en\/privatkunden\/","og_locale":"en_US","og_type":"article","og_title":"Privatkunden - cds Wohnbau Gruppe | Berlin Frankfurt Hamburg","og_description":"cds Wohnbau Gruppe- Von der Vision zum neuen Zuhause","og_url":"https:\/\/www.cds-wohnbau.de\/en\/privatkunden\/","og_site_name":"cds Wohnbau Gruppe","article_modified_time":"2023-05-03T10:11:32+00:00","og_image":[{"url":"https:\/\/www.cds-wohnbau.de\/wp-content\/uploads\/2023\/01\/erstes_beratungsgespraech.jpg","type":"","width":"","height":""}],"twitter_card":"summary_large_image","twitter_misc":{"Est. reading time":"2 minutes"},"schema":{"@context":"https:\/\/schema.org","@graph":[{"@type":"WebPage","@id":"https:\/\/www.cds-wohnbau.de\/privatkunden\/","url":"https:\/\/www.cds-wohnbau.de\/privatkunden\/","name":"Privatkunden - cds Wohnbau Gruppe | Berlin Frankfurt Hamburg","isPartOf":{"@id":"https:\/\/www.cds-wohnbau.de\/#website"},"primaryImageOfPage":{"@id":"https:\/\/www.cds-wohnbau.de\/privatkunden\/#primaryimage"},"image":{"@id":"https:\/\/www.cds-wohnbau.de\/privatkunden\/#primaryimage"},"thumbnailUrl":"https:\/\/www.cds-wohnbau.de\/wp-content\/uploads\/2023\/01\/erstes_beratungsgespraech.jpg","datePublished":"2023-01-10T12:42:38+00:00","dateModified":"2023-05-03T10:11:32+00:00","description":"cds Wohnbau Gruppe- Von der Vision zum neuen Zuhause","breadcrumb":{"@id":"https:\/\/www.cds-wohnbau.de\/privatkunden\/#breadcrumb"},"inLanguage":"en-US","potentialAction":[{"@type":"ReadAction","target":["https:\/\/www.cds-wohnbau.de\/privatkunden\/"]}]},{"@type":"ImageObject","inLanguage":"en-US","@id":"https:\/\/www.cds-wohnbau.de\/privatkunden\/#primaryimage","url":"https:\/\/www.cds-wohnbau.de\/wp-content\/uploads\/2023\/01\/erstes_beratungsgespraech.jpg","contentUrl":"https:\/\/www.cds-wohnbau.de\/wp-content\/uploads\/2023\/01\/erstes_beratungsgespraech.jpg"},{"@type":"BreadcrumbList","@id":"https:\/\/www.cds-wohnbau.de\/privatkunden\/#breadcrumb","itemListElement":[{"@type":"ListItem","position":1,"name":"Home","item":"https:\/\/www.cds-wohnbau.de\/"},{"@type":"ListItem","position":2,"name":"Privatkunden"}]},{"@type":"WebSite","@id":"https:\/\/www.cds-wohnbau.de\/#website","url":"https:\/\/www.cds-wohnbau.de\/","name":"cds Wohnbau Group","description":"Berlin Frankfurt Hamburg","publisher":{"@id":"https:\/\/www.cds-wohnbau.de\/#organization"},"potentialAction":[{"@type":"SearchAction","target":{"@type":"EntryPoint","urlTemplate":"https:\/\/www.cds-wohnbau.de\/?s={search_term_string}"},"query-input":{"@type":"PropertyValueSpecification","valueRequired":true,"valueName":"search_term_string"}}],"inLanguage":"en-US"},{"@type":"Organization","@id":"https:\/\/www.cds-wohnbau.de\/#organization","name":"cds Wohnbau Group","url":"https:\/\/www.cds-wohnbau.de\/","logo":{"@type":"ImageObject","inLanguage":"en-US","@id":"https:\/\/www.cds-wohnbau.de\/#\/schema\/logo\/image\/","url":"https:\/\/www.cds-wohnbau.de\/wp-content\/uploads\/2022\/10\/logo.png","contentUrl":"https:\/\/www.cds-wohnbau.de\/wp-content\/uploads\/2022\/10\/logo.png","width":246,"height":78,"caption":"cds Wohnbau Gruppe"},"image":{"@id":"https:\/\/www.cds-wohnbau.de\/#\/schema\/logo\/image\/"}}]}},"_links":{"self":[{"href":"https:\/\/www.cds-wohnbau.de\/en\/wp-json\/wp\/v2\/pages\/174","targetHints":{"allow":["GET"]}}],"collection":[{"href":"https:\/\/www.cds-wohnbau.de\/en\/wp-json\/wp\/v2\/pages"}],"about":[{"href":"https:\/\/www.cds-wohnbau.de\/en\/wp-json\/wp\/v2\/types\/page"}],"author":[{"embeddable":true,"href":"https:\/\/www.cds-wohnbau.de\/en\/wp-json\/wp\/v2\/users\/2"}],"replies":[{"embeddable":true,"href":"https:\/\/www.cds-wohnbau.de\/en\/wp-json\/wp\/v2\/comments?post=174"}],"version-history":[{"count":10,"href":"https:\/\/www.cds-wohnbau.de\/en\/wp-json\/wp\/v2\/pages\/174\/revisions"}],"predecessor-version":[{"id":2091,"href":"https:\/\/www.cds-wohnbau.de\/en\/wp-json\/wp\/v2\/pages\/174\/revisions\/2091"}],"wp:attachment":[{"href":"https:\/\/www.cds-wohnbau.de\/en\/wp-json\/wp\/v2\/media?parent=174"}],"curies":[{"name":"wp","href":"https:\/\/api.w.org\/{rel}","templated":true}]}}