{"id":197,"date":"2023-01-10T14:06:39","date_gmt":"2023-01-10T13:06:39","guid":{"rendered":"https:\/\/www.cds-wohnbau.de\/?page_id=197"},"modified":"2023-10-05T15:29:35","modified_gmt":"2023-10-05T13:29:35","slug":"ankauf","status":"publish","type":"page","link":"https:\/\/www.cds-wohnbau.de\/en\/ankauf\/","title":{"rendered":"Buy property"},"content":{"rendered":"<div data-elementor-type=\"wp-page\" data-elementor-id=\"197\" class=\"elementor elementor-197\" data-elementor-post-type=\"page\">\n\t\t\t\t\t\t<section class=\"elementor-section elementor-top-section elementor-element elementor-element-0eec035 elementor-section-boxed elementor-section-height-default elementor-section-height-default\" data-id=\"0eec035\" data-element_type=\"section\" data-e-type=\"section\" data-settings=\"{&quot;jet_parallax_layout_list&quot;:[]}\">\n\t\t\t\t\t\t<div class=\"elementor-container elementor-column-gap-default\">\n\t\t\t\t\t<div class=\"elementor-column elementor-col-100 elementor-top-column elementor-element elementor-element-348fee2\" data-id=\"348fee2\" data-element_type=\"column\" data-e-type=\"column\">\n\t\t\t<div class=\"elementor-widget-wrap elementor-element-populated\">\n\t\t\t\t\t\t<div class=\"elementor-element elementor-element-b3e5624 elementor-widget elementor-widget-heading\" data-id=\"b3e5624\" data-element_type=\"widget\" data-e-type=\"widget\" data-widget_type=\"heading.default\">\n\t\t\t\t<div class=\"elementor-widget-container\">\n\t\t\t\t\t<h1 class=\"elementor-heading-title elementor-size-default\">You want to sell a property?<\/h1>\t\t\t\t<\/div>\n\t\t\t\t<\/div>\n\t\t\t\t<div class=\"elementor-element elementor-element-8d520d6 elementor-widget elementor-widget-text-editor\" data-id=\"8d520d6\" data-element_type=\"widget\" data-e-type=\"widget\" data-widget_type=\"text-editor.default\">\n\t\t\t\t<div class=\"elementor-widget-container\">\n\t\t\t\t\t\t\t\t\tThe cds Wohnbau Group is constantly looking for building plots that meet the following criteria:\t\t\t\t\t\t\t\t<\/div>\n\t\t\t\t<\/div>\n\t\t\t\t<div class=\"elementor-element elementor-element-6b574c7 elementor-icon-list--layout-traditional elementor-list-item-link-full_width elementor-widget elementor-widget-icon-list\" data-id=\"6b574c7\" data-element_type=\"widget\" data-e-type=\"widget\" data-widget_type=\"icon-list.default\">\n\t\t\t\t<div class=\"elementor-widget-container\">\n\t\t\t\t\t\t\t<ul class=\"elementor-icon-list-items\">\n\t\t\t\t\t\t\t<li class=\"elementor-icon-list-item\">\n\t\t\t\t\t\t\t\t\t\t\t<span class=\"elementor-icon-list-icon\">\n\t\t\t\t\t\t\t<i aria-hidden=\"true\" class=\"fas fa-check\"><\/i>\t\t\t\t\t\t<\/span>\n\t\t\t\t\t\t\t\t\t\t<span class=\"elementor-icon-list-text\">Properties in the Berlin, Frankfurt and Hamburg regions<\/span>\n\t\t\t\t\t\t\t\t\t<\/li>\n\t\t\t\t\t\t\t\t<li class=\"elementor-icon-list-item\">\n\t\t\t\t\t\t\t\t\t\t\t<span class=\"elementor-icon-list-icon\">\n\t\t\t\t\t\t\t<i aria-hidden=\"true\" class=\"fas fa-check\"><\/i>\t\t\t\t\t\t<\/span>\n\t\t\t\t\t\t\t\t\t\t<span class=\"elementor-icon-list-text\">Buildability for townhouses, semi-detached and terraced houses<\/span>\n\t\t\t\t\t\t\t\t\t<\/li>\n\t\t\t\t\t\t\t\t<li class=\"elementor-icon-list-item\">\n\t\t\t\t\t\t\t\t\t\t\t<span class=\"elementor-icon-list-icon\">\n\t\t\t\t\t\t\t<i aria-hidden=\"true\" class=\"fas fa-check\"><\/i>\t\t\t\t\t\t<\/span>\n\t\t\t\t\t\t\t\t\t\t<span class=\"elementor-icon-list-text\">Building potential for apartment buildings in good inner-city locations<\/span>\n\t\t\t\t\t\t\t\t\t<\/li>\n\t\t\t\t\t\t\t\t<li class=\"elementor-icon-list-item\">\n\t\t\t\t\t\t\t\t\t\t\t<span class=\"elementor-icon-list-icon\">\n\t\t\t\t\t\t\t<i aria-hidden=\"true\" class=\"fas fa-check\"><\/i>\t\t\t\t\t\t<\/span>\n\t\t\t\t\t\t\t\t\t\t<span class=\"elementor-icon-list-text\">Plot size from 1,000 m\u00b2<\/span>\n\t\t\t\t\t\t\t\t\t<\/li>\n\t\t\t\t\t\t\t\t<li class=\"elementor-icon-list-item\">\n\t\t\t\t\t\t\t\t\t\t\t<span class=\"elementor-icon-list-icon\">\n\t\t\t\t\t\t\t<i aria-hidden=\"true\" class=\"fas fa-check\"><\/i>\t\t\t\t\t\t<\/span>\n\t\t\t\t\t\t\t\t\t\t<span class=\"elementor-icon-list-text\">Public transport within walking distance<\/span>\n\t\t\t\t\t\t\t\t\t<\/li>\n\t\t\t\t\t\t<\/ul>\n\t\t\t\t\t\t<\/div>\n\t\t\t\t<\/div>\n\t\t\t\t<div class=\"elementor-element elementor-element-ffb0efd elementor-widget elementor-widget-heading\" data-id=\"ffb0efd\" data-element_type=\"widget\" data-e-type=\"widget\" data-widget_type=\"heading.default\">\n\t\t\t\t<div class=\"elementor-widget-container\">\n\t\t\t\t\t<h2 class=\"elementor-heading-title elementor-size-default\">Please send us your personal offer<\/h2>\t\t\t\t<\/div>\n\t\t\t\t<\/div>\n\t\t\t\t<div class=\"elementor-element elementor-element-b36ef28 elementor-widget elementor-widget-text-editor\" data-id=\"b36ef28\" data-element_type=\"widget\" data-e-type=\"widget\" data-widget_type=\"text-editor.default\">\n\t\t\t\t<div class=\"elementor-widget-container\">\n\t\t\t\t\t\t\t\t\tWe ask that you only send us objects with a meaningful expos\u00e9 including the exact location, site plan and object photo. Of course, we treat your offers confidentially.\t\t\t\t\t\t\t\t<\/div>\n\t\t\t\t<\/div>\n\t\t\t\t<div class=\"elementor-element elementor-element-416d72a elementor-widget elementor-widget-heading\" data-id=\"416d72a\" data-element_type=\"widget\" data-e-type=\"widget\" data-widget_type=\"heading.default\">\n\t\t\t\t<div class=\"elementor-widget-container\">\n\t\t\t\t\t<h3 class=\"elementor-heading-title elementor-size-default\">Your contact person<\/h3>\t\t\t\t<\/div>\n\t\t\t\t<\/div>\n\t\t\t\t\t<\/div>\n\t\t<\/div>\n\t\t\t\t\t<\/div>\n\t\t<\/section>\n\t\t\t\t<section class=\"elementor-section elementor-top-section elementor-element elementor-element-ad00509 elementor-section-boxed elementor-section-height-default elementor-section-height-default\" data-id=\"ad00509\" data-element_type=\"section\" data-e-type=\"section\" data-settings=\"{&quot;jet_parallax_layout_list&quot;:[]}\">\n\t\t\t\t\t\t<div class=\"elementor-container elementor-column-gap-default\">\n\t\t\t\t\t<div class=\"elementor-column elementor-col-33 elementor-top-column elementor-element elementor-element-11dadfc\" data-id=\"11dadfc\" data-element_type=\"column\" data-e-type=\"column\">\n\t\t\t<div class=\"elementor-widget-wrap elementor-element-populated\">\n\t\t\t\t\t\t<div class=\"elementor-element elementor-element-20a8fbf elementor-widget elementor-widget-heading\" data-id=\"20a8fbf\" data-element_type=\"widget\" data-e-type=\"widget\" data-widget_type=\"heading.default\">\n\t\t\t\t<div class=\"elementor-widget-container\">\n\t\t\t\t\t<h4 class=\"elementor-heading-title elementor-size-default\">Berlin<\/h4>\t\t\t\t<\/div>\n\t\t\t\t<\/div>\n\t\t\t\t<div class=\"elementor-element elementor-element-6aa2be9 elementor-widget elementor-widget-image\" data-id=\"6aa2be9\" data-element_type=\"widget\" data-e-type=\"widget\" data-widget_type=\"image.default\">\n\t\t\t\t<div class=\"elementor-widget-container\">\n\t\t\t\t\t\t\t\t\t\t\t\t\t\t\t<img fetchpriority=\"high\" decoding=\"async\" width=\"662\" height=\"388\" src=\"https:\/\/www.cds-wohnbau.de\/wp-content\/uploads\/2023\/01\/Schlosser.jpg\" class=\"attachment-large size-large wp-image-168\" alt=\"\" srcset=\"https:\/\/www.cds-wohnbau.de\/wp-content\/uploads\/2023\/01\/Schlosser.jpg 662w, https:\/\/www.cds-wohnbau.de\/wp-content\/uploads\/2023\/01\/Schlosser-300x176.jpg 300w\" sizes=\"(max-width: 662px) 100vw, 662px\" \/>\t\t\t\t\t\t\t\t\t\t\t\t\t\t\t<\/div>\n\t\t\t\t<\/div>\n\t\t\t\t<div class=\"elementor-element elementor-element-48f2daa elementor-widget elementor-widget-heading\" data-id=\"48f2daa\" data-element_type=\"widget\" data-e-type=\"widget\" data-widget_type=\"heading.default\">\n\t\t\t\t<div class=\"elementor-widget-container\">\n\t\t\t\t\t<p class=\"elementor-heading-title elementor-size-default\">KATRIN SCHLOSSER\n\n<\/p>\t\t\t\t<\/div>\n\t\t\t\t<\/div>\n\t\t\t\t<div class=\"elementor-element elementor-element-2dd85e7 elementor-widget elementor-widget-heading\" data-id=\"2dd85e7\" data-element_type=\"widget\" data-e-type=\"widget\" data-widget_type=\"heading.default\">\n\t\t\t\t<div class=\"elementor-widget-container\">\n\t\t\t\t\t<span class=\"elementor-heading-title elementor-size-default\">Dipl. engineer\n<\/span>\t\t\t\t<\/div>\n\t\t\t\t<\/div>\n\t\t\t\t<div class=\"elementor-element elementor-element-297e46d elementor-widget elementor-widget-text-editor\" data-id=\"297e46d\" data-element_type=\"widget\" data-e-type=\"widget\" data-widget_type=\"text-editor.default\">\n\t\t\t\t<div class=\"elementor-widget-container\">\n\t\t\t\t\t\t\t\t\t<p>Managing Director Berlin<\/p><p>cds Wohnbau Berlin GmbH<br \/>Reinhardtstr. 8 | 10117 Berlin<\/p><p>Tel. +49 (0)30 29 34 44 20<br \/>Fax +49 (0)30 29 34 44 12<\/p><p><a href=\"mailto:berlin@cds-wohnbau.de\">berlin@cds-wohnbau.de<\/a><\/p>\t\t\t\t\t\t\t\t<\/div>\n\t\t\t\t<\/div>\n\t\t\t\t\t<\/div>\n\t\t<\/div>\n\t\t\t\t<div class=\"elementor-column elementor-col-33 elementor-top-column elementor-element elementor-element-a005dc6\" data-id=\"a005dc6\" data-element_type=\"column\" data-e-type=\"column\">\n\t\t\t<div class=\"elementor-widget-wrap elementor-element-populated\">\n\t\t\t\t\t\t<div class=\"elementor-element elementor-element-5f0b568 elementor-widget elementor-widget-heading\" data-id=\"5f0b568\" data-element_type=\"widget\" data-e-type=\"widget\" data-widget_type=\"heading.default\">\n\t\t\t\t<div class=\"elementor-widget-container\">\n\t\t\t\t\t<h4 class=\"elementor-heading-title elementor-size-default\">Frankfurt<\/h4>\t\t\t\t<\/div>\n\t\t\t\t<\/div>\n\t\t\t\t<div class=\"elementor-element elementor-element-caacc8f elementor-widget elementor-widget-image\" data-id=\"caacc8f\" data-element_type=\"widget\" data-e-type=\"widget\" data-widget_type=\"image.default\">\n\t\t\t\t<div class=\"elementor-widget-container\">\n\t\t\t\t\t\t\t\t\t\t\t\t\t\t\t<img decoding=\"async\" width=\"800\" height=\"470\" src=\"https:\/\/www.cds-wohnbau.de\/wp-content\/uploads\/2023\/01\/Martin_Schmidt_2020_web2-1024x601.jpg\" class=\"attachment-large size-large wp-image-169\" alt=\"Martin Schmidt\" srcset=\"https:\/\/www.cds-wohnbau.de\/wp-content\/uploads\/2023\/01\/Martin_Schmidt_2020_web2-1024x601.jpg 1024w, https:\/\/www.cds-wohnbau.de\/wp-content\/uploads\/2023\/01\/Martin_Schmidt_2020_web2-300x176.jpg 300w, https:\/\/www.cds-wohnbau.de\/wp-content\/uploads\/2023\/01\/Martin_Schmidt_2020_web2-768x451.jpg 768w, https:\/\/www.cds-wohnbau.de\/wp-content\/uploads\/2023\/01\/Martin_Schmidt_2020_web2.jpg 1418w\" sizes=\"(max-width: 800px) 100vw, 800px\" \/>\t\t\t\t\t\t\t\t\t\t\t\t\t\t\t<\/div>\n\t\t\t\t<\/div>\n\t\t\t\t<div class=\"elementor-element elementor-element-acc9b44 elementor-widget elementor-widget-heading\" data-id=\"acc9b44\" data-element_type=\"widget\" data-e-type=\"widget\" data-widget_type=\"heading.default\">\n\t\t\t\t<div class=\"elementor-widget-container\">\n\t\t\t\t\t<p class=\"elementor-heading-title elementor-size-default\">MARTIN SCHMIDT\n\n<\/p>\t\t\t\t<\/div>\n\t\t\t\t<\/div>\n\t\t\t\t<div class=\"elementor-element elementor-element-5a75a35 elementor-widget elementor-widget-heading\" data-id=\"5a75a35\" data-element_type=\"widget\" data-e-type=\"widget\" data-widget_type=\"heading.default\">\n\t\t\t\t<div class=\"elementor-widget-container\">\n\t\t\t\t\t<span class=\"elementor-heading-title elementor-size-default\">Lawyer<\/span>\t\t\t\t<\/div>\n\t\t\t\t<\/div>\n\t\t\t\t<div class=\"elementor-element elementor-element-cc43655 elementor-widget elementor-widget-text-editor\" data-id=\"cc43655\" data-element_type=\"widget\" data-e-type=\"widget\" data-widget_type=\"text-editor.default\">\n\t\t\t\t<div class=\"elementor-widget-container\">\n\t\t\t\t\t\t\t\t\t<p>Managing Director Frankfurt<br \/>In-house lawyer cds Group<\/p><p>cds Wohnbau GmbH<br \/>Kaiserstra\u00dfe 35 | 60329 Frankfurt<\/p><p>Tel. +49 (0)69 68 97 477 0<br \/>Fax +49 (0)69 68 97 477 29<br \/><a href=\"mailto:frankfurt@cds-wohnbau.de\">frankfurt@cds-wohnbau.de<\/a><\/p>\t\t\t\t\t\t\t\t<\/div>\n\t\t\t\t<\/div>\n\t\t\t\t\t<\/div>\n\t\t<\/div>\n\t\t\t\t<div class=\"elementor-column elementor-col-33 elementor-top-column elementor-element elementor-element-5816178\" data-id=\"5816178\" data-element_type=\"column\" data-e-type=\"column\">\n\t\t\t<div class=\"elementor-widget-wrap elementor-element-populated\">\n\t\t\t\t\t\t<div class=\"elementor-element elementor-element-2742059 elementor-widget elementor-widget-heading\" data-id=\"2742059\" data-element_type=\"widget\" data-e-type=\"widget\" data-widget_type=\"heading.default\">\n\t\t\t\t<div class=\"elementor-widget-container\">\n\t\t\t\t\t<h4 class=\"elementor-heading-title elementor-size-default\">Hamburg<\/h4>\t\t\t\t<\/div>\n\t\t\t\t<\/div>\n\t\t\t\t<div class=\"elementor-element elementor-element-8d5a11f elementor-widget elementor-widget-image\" data-id=\"8d5a11f\" data-element_type=\"widget\" data-e-type=\"widget\" data-widget_type=\"image.default\">\n\t\t\t\t<div class=\"elementor-widget-container\">\n\t\t\t\t\t\t\t\t\t\t\t\t\t\t\t<img decoding=\"async\" width=\"662\" height=\"388\" src=\"https:\/\/www.cds-wohnbau.de\/wp-content\/uploads\/2023\/01\/FSN0026.jpg\" class=\"attachment-large size-large wp-image-170\" alt=\"\" srcset=\"https:\/\/www.cds-wohnbau.de\/wp-content\/uploads\/2023\/01\/FSN0026.jpg 662w, https:\/\/www.cds-wohnbau.de\/wp-content\/uploads\/2023\/01\/FSN0026-300x176.jpg 300w\" sizes=\"(max-width: 662px) 100vw, 662px\" \/>\t\t\t\t\t\t\t\t\t\t\t\t\t\t\t<\/div>\n\t\t\t\t<\/div>\n\t\t\t\t<div class=\"elementor-element elementor-element-37fbd78 elementor-widget elementor-widget-heading\" data-id=\"37fbd78\" data-element_type=\"widget\" data-e-type=\"widget\" data-widget_type=\"heading.default\">\n\t\t\t\t<div class=\"elementor-widget-container\">\n\t\t\t\t\t<p class=\"elementor-heading-title elementor-size-default\">FRANK GEDASCHKO<\/p>\t\t\t\t<\/div>\n\t\t\t\t<\/div>\n\t\t\t\t<div class=\"elementor-element elementor-element-a2efa5c elementor-widget elementor-widget-heading\" data-id=\"a2efa5c\" data-element_type=\"widget\" data-e-type=\"widget\" data-widget_type=\"heading.default\">\n\t\t\t\t<div class=\"elementor-widget-container\">\n\t\t\t\t\t<span class=\"elementor-heading-title elementor-size-default\">Real estate economist ebs<\/span>\t\t\t\t<\/div>\n\t\t\t\t<\/div>\n\t\t\t\t<div class=\"elementor-element elementor-element-24d856b elementor-widget elementor-widget-text-editor\" data-id=\"24d856b\" data-element_type=\"widget\" data-e-type=\"widget\" data-widget_type=\"text-editor.default\">\n\t\t\t\t<div class=\"elementor-widget-container\">\n\t\t\t\t\t\t\t\t\t<p>Managing Director Hamburg<\/p><p>cds Wohnbau Hamburg GmbH<br \/>Alter Teichweg 23a | 22081 Hamburg<\/p><p>Tel. +49 (0)40 81 971 88 80<br \/>Fax +49 (0)40 81 971 88 90<\/p><p><a href=\"mailto:ankauf@cds-wohnbau-hh.de\">ankauf@cds-wohnbau-hh.de<\/a><\/p>\t\t\t\t\t\t\t\t<\/div>\n\t\t\t\t<\/div>\n\t\t\t\t\t<\/div>\n\t\t<\/div>\n\t\t\t\t\t<\/div>\n\t\t<\/section>\n\t\t\t\t<\/div>","protected":false},"excerpt":{"rendered":"<p>Sie wollen ein Grundst\u00fcck verkaufen? Die cds Wohnbau Gruppe sucht st\u00e4ndig Baugrundst\u00fccke, die folgende Kriterien erf\u00fcllen: Grundst\u00fccke in den Regionen Berlin, Frankfurt und Hamburg Bebaubarkeit f\u00fcr Stadth\u00e4user, Doppel- und Reihenh\u00e4user Bebaubarkeit f\u00fcr Geschosswohnungsbau in guten innerst\u00e4dtischen Lagen Grundst\u00fccksgr\u00f6\u00dfe ab 1.000 m\u00b2 Nahverkehrsmittel fu\u00dfl\u00e4ufig erreichbar Bitte senden Sie uns Ihr pers\u00f6nliches Angebot Wir bitten Sie, uns [&hellip;]<\/p>\n","protected":false},"author":2,"featured_media":0,"parent":0,"menu_order":0,"comment_status":"closed","ping_status":"closed","template":"","meta":{"footnotes":""},"class_list":["post-197","page","type-page","status-publish","hentry"],"yoast_head":"<!-- This site is optimized with the Yoast SEO plugin v27.5 - https:\/\/yoast.com\/product\/yoast-seo-wordpress\/ -->\n<title>Ankauf - cds Wohnbau Gruppe | Berlin Frankfurt Hamburg<\/title>\n<meta name=\"description\" content=\"Wir suchen neue Grundst\u00fccke.\" \/>\n<meta name=\"robots\" content=\"index, follow, max-snippet:-1, max-image-preview:large, max-video-preview:-1\" \/>\n<link rel=\"canonical\" href=\"https:\/\/www.cds-wohnbau.de\/en\/ankauf\/\" \/>\n<meta property=\"og:locale\" content=\"en_US\" \/>\n<meta property=\"og:type\" content=\"article\" \/>\n<meta property=\"og:title\" content=\"Ankauf - cds Wohnbau Gruppe | Berlin Frankfurt Hamburg\" \/>\n<meta property=\"og:description\" content=\"Wir suchen neue Grundst\u00fccke.\" \/>\n<meta property=\"og:url\" content=\"https:\/\/www.cds-wohnbau.de\/en\/ankauf\/\" \/>\n<meta property=\"og:site_name\" content=\"cds Wohnbau Gruppe\" \/>\n<meta property=\"article:modified_time\" content=\"2023-10-05T13:29:35+00:00\" \/>\n<meta property=\"og:image\" content=\"https:\/\/www.cds-wohnbau.de\/wp-content\/uploads\/2023\/01\/Schlosser.jpg\" \/>\n<meta name=\"twitter:card\" content=\"summary_large_image\" \/>\n<meta name=\"twitter:label1\" content=\"Est. reading time\" \/>\n\t<meta name=\"twitter:data1\" content=\"2 minutes\" \/>\n<script type=\"application\/ld+json\" class=\"yoast-schema-graph\">{\"@context\":\"https:\\\/\\\/schema.org\",\"@graph\":[{\"@type\":\"WebPage\",\"@id\":\"https:\\\/\\\/www.cds-wohnbau.de\\\/ankauf\\\/\",\"url\":\"https:\\\/\\\/www.cds-wohnbau.de\\\/ankauf\\\/\",\"name\":\"Ankauf - cds Wohnbau Gruppe | Berlin Frankfurt Hamburg\",\"isPartOf\":{\"@id\":\"https:\\\/\\\/www.cds-wohnbau.de\\\/#website\"},\"primaryImageOfPage\":{\"@id\":\"https:\\\/\\\/www.cds-wohnbau.de\\\/ankauf\\\/#primaryimage\"},\"image\":{\"@id\":\"https:\\\/\\\/www.cds-wohnbau.de\\\/ankauf\\\/#primaryimage\"},\"thumbnailUrl\":\"https:\\\/\\\/www.cds-wohnbau.de\\\/wp-content\\\/uploads\\\/2023\\\/01\\\/Schlosser.jpg\",\"datePublished\":\"2023-01-10T13:06:39+00:00\",\"dateModified\":\"2023-10-05T13:29:35+00:00\",\"description\":\"Wir suchen neue Grundst\u00fccke.\",\"breadcrumb\":{\"@id\":\"https:\\\/\\\/www.cds-wohnbau.de\\\/ankauf\\\/#breadcrumb\"},\"inLanguage\":\"en-US\",\"potentialAction\":[{\"@type\":\"ReadAction\",\"target\":[\"https:\\\/\\\/www.cds-wohnbau.de\\\/ankauf\\\/\"]}]},{\"@type\":\"ImageObject\",\"inLanguage\":\"en-US\",\"@id\":\"https:\\\/\\\/www.cds-wohnbau.de\\\/ankauf\\\/#primaryimage\",\"url\":\"https:\\\/\\\/www.cds-wohnbau.de\\\/wp-content\\\/uploads\\\/2023\\\/01\\\/Schlosser.jpg\",\"contentUrl\":\"https:\\\/\\\/www.cds-wohnbau.de\\\/wp-content\\\/uploads\\\/2023\\\/01\\\/Schlosser.jpg\"},{\"@type\":\"BreadcrumbList\",\"@id\":\"https:\\\/\\\/www.cds-wohnbau.de\\\/ankauf\\\/#breadcrumb\",\"itemListElement\":[{\"@type\":\"ListItem\",\"position\":1,\"name\":\"Home\",\"item\":\"https:\\\/\\\/www.cds-wohnbau.de\\\/\"},{\"@type\":\"ListItem\",\"position\":2,\"name\":\"Ankauf\"}]},{\"@type\":\"WebSite\",\"@id\":\"https:\\\/\\\/www.cds-wohnbau.de\\\/#website\",\"url\":\"https:\\\/\\\/www.cds-wohnbau.de\\\/\",\"name\":\"cds Wohnbau Gruppe\",\"description\":\"Berlin Frankfurt Hamburg\",\"publisher\":{\"@id\":\"https:\\\/\\\/www.cds-wohnbau.de\\\/#organization\"},\"potentialAction\":[{\"@type\":\"SearchAction\",\"target\":{\"@type\":\"EntryPoint\",\"urlTemplate\":\"https:\\\/\\\/www.cds-wohnbau.de\\\/?s={search_term_string}\"},\"query-input\":{\"@type\":\"PropertyValueSpecification\",\"valueRequired\":true,\"valueName\":\"search_term_string\"}}],\"inLanguage\":\"en-US\"},{\"@type\":\"Organization\",\"@id\":\"https:\\\/\\\/www.cds-wohnbau.de\\\/#organization\",\"name\":\"cds Wohnbau Gruppe\",\"url\":\"https:\\\/\\\/www.cds-wohnbau.de\\\/\",\"logo\":{\"@type\":\"ImageObject\",\"inLanguage\":\"en-US\",\"@id\":\"https:\\\/\\\/www.cds-wohnbau.de\\\/#\\\/schema\\\/logo\\\/image\\\/\",\"url\":\"https:\\\/\\\/www.cds-wohnbau.de\\\/wp-content\\\/uploads\\\/2022\\\/10\\\/logo.png\",\"contentUrl\":\"https:\\\/\\\/www.cds-wohnbau.de\\\/wp-content\\\/uploads\\\/2022\\\/10\\\/logo.png\",\"width\":246,\"height\":78,\"caption\":\"cds Wohnbau Gruppe\"},\"image\":{\"@id\":\"https:\\\/\\\/www.cds-wohnbau.de\\\/#\\\/schema\\\/logo\\\/image\\\/\"}}]}<\/script>\n<!-- \/ Yoast SEO plugin. -->","yoast_head_json":{"title":"Ankauf - cds Wohnbau Gruppe | Berlin Frankfurt Hamburg","description":"Wir suchen neue Grundst\u00fccke.","robots":{"index":"index","follow":"follow","max-snippet":"max-snippet:-1","max-image-preview":"max-image-preview:large","max-video-preview":"max-video-preview:-1"},"canonical":"https:\/\/www.cds-wohnbau.de\/en\/ankauf\/","og_locale":"en_US","og_type":"article","og_title":"Ankauf - cds Wohnbau Gruppe | Berlin Frankfurt Hamburg","og_description":"Wir suchen neue Grundst\u00fccke.","og_url":"https:\/\/www.cds-wohnbau.de\/en\/ankauf\/","og_site_name":"cds Wohnbau Gruppe","article_modified_time":"2023-10-05T13:29:35+00:00","og_image":[{"url":"https:\/\/www.cds-wohnbau.de\/wp-content\/uploads\/2023\/01\/Schlosser.jpg","type":"","width":"","height":""}],"twitter_card":"summary_large_image","twitter_misc":{"Est. reading time":"2 minutes"},"schema":{"@context":"https:\/\/schema.org","@graph":[{"@type":"WebPage","@id":"https:\/\/www.cds-wohnbau.de\/ankauf\/","url":"https:\/\/www.cds-wohnbau.de\/ankauf\/","name":"Ankauf - cds Wohnbau Gruppe | Berlin Frankfurt Hamburg","isPartOf":{"@id":"https:\/\/www.cds-wohnbau.de\/#website"},"primaryImageOfPage":{"@id":"https:\/\/www.cds-wohnbau.de\/ankauf\/#primaryimage"},"image":{"@id":"https:\/\/www.cds-wohnbau.de\/ankauf\/#primaryimage"},"thumbnailUrl":"https:\/\/www.cds-wohnbau.de\/wp-content\/uploads\/2023\/01\/Schlosser.jpg","datePublished":"2023-01-10T13:06:39+00:00","dateModified":"2023-10-05T13:29:35+00:00","description":"Wir suchen neue Grundst\u00fccke.","breadcrumb":{"@id":"https:\/\/www.cds-wohnbau.de\/ankauf\/#breadcrumb"},"inLanguage":"en-US","potentialAction":[{"@type":"ReadAction","target":["https:\/\/www.cds-wohnbau.de\/ankauf\/"]}]},{"@type":"ImageObject","inLanguage":"en-US","@id":"https:\/\/www.cds-wohnbau.de\/ankauf\/#primaryimage","url":"https:\/\/www.cds-wohnbau.de\/wp-content\/uploads\/2023\/01\/Schlosser.jpg","contentUrl":"https:\/\/www.cds-wohnbau.de\/wp-content\/uploads\/2023\/01\/Schlosser.jpg"},{"@type":"BreadcrumbList","@id":"https:\/\/www.cds-wohnbau.de\/ankauf\/#breadcrumb","itemListElement":[{"@type":"ListItem","position":1,"name":"Home","item":"https:\/\/www.cds-wohnbau.de\/"},{"@type":"ListItem","position":2,"name":"Ankauf"}]},{"@type":"WebSite","@id":"https:\/\/www.cds-wohnbau.de\/#website","url":"https:\/\/www.cds-wohnbau.de\/","name":"cds Wohnbau Group","description":"Berlin Frankfurt Hamburg","publisher":{"@id":"https:\/\/www.cds-wohnbau.de\/#organization"},"potentialAction":[{"@type":"SearchAction","target":{"@type":"EntryPoint","urlTemplate":"https:\/\/www.cds-wohnbau.de\/?s={search_term_string}"},"query-input":{"@type":"PropertyValueSpecification","valueRequired":true,"valueName":"search_term_string"}}],"inLanguage":"en-US"},{"@type":"Organization","@id":"https:\/\/www.cds-wohnbau.de\/#organization","name":"cds Wohnbau Group","url":"https:\/\/www.cds-wohnbau.de\/","logo":{"@type":"ImageObject","inLanguage":"en-US","@id":"https:\/\/www.cds-wohnbau.de\/#\/schema\/logo\/image\/","url":"https:\/\/www.cds-wohnbau.de\/wp-content\/uploads\/2022\/10\/logo.png","contentUrl":"https:\/\/www.cds-wohnbau.de\/wp-content\/uploads\/2022\/10\/logo.png","width":246,"height":78,"caption":"cds Wohnbau Gruppe"},"image":{"@id":"https:\/\/www.cds-wohnbau.de\/#\/schema\/logo\/image\/"}}]}},"_links":{"self":[{"href":"https:\/\/www.cds-wohnbau.de\/en\/wp-json\/wp\/v2\/pages\/197","targetHints":{"allow":["GET"]}}],"collection":[{"href":"https:\/\/www.cds-wohnbau.de\/en\/wp-json\/wp\/v2\/pages"}],"about":[{"href":"https:\/\/www.cds-wohnbau.de\/en\/wp-json\/wp\/v2\/types\/page"}],"author":[{"embeddable":true,"href":"https:\/\/www.cds-wohnbau.de\/en\/wp-json\/wp\/v2\/users\/2"}],"replies":[{"embeddable":true,"href":"https:\/\/www.cds-wohnbau.de\/en\/wp-json\/wp\/v2\/comments?post=197"}],"version-history":[{"count":10,"href":"https:\/\/www.cds-wohnbau.de\/en\/wp-json\/wp\/v2\/pages\/197\/revisions"}],"predecessor-version":[{"id":3030,"href":"https:\/\/www.cds-wohnbau.de\/en\/wp-json\/wp\/v2\/pages\/197\/revisions\/3030"}],"wp:attachment":[{"href":"https:\/\/www.cds-wohnbau.de\/en\/wp-json\/wp\/v2\/media?parent=197"}],"curies":[{"name":"wp","href":"https:\/\/api.w.org\/{rel}","templated":true}]}}